{"id":17634,"date":"2026-04-02T13:04:31","date_gmt":"2026-04-02T11:04:31","guid":{"rendered":"https:\/\/stockholmlive.com\/?page_id=17634"},"modified":"2026-04-02T13:04:32","modified_gmt":"2026-04-02T11:04:32","slug":"premium-formular","status":"publish","type":"page","link":"https:\/\/stockholmlive.com\/en\/premiumexperience\/premium-formular\/","title":{"rendered":"Premium Formul\u00e4r"},"content":{"rendered":"\n<section id=\"block_89cf5aec4e57ad7ee6576a9618b80f3b\" class=\"form-premium relative align-full overflow-hidden\">\n    <div class=\"form-premium-wrapper relative\">\n        <div class=\"container align-default\">\n            <div class=\"headline text-center\">\n                <h2 class=\"premium-display-sm premium-font-regular premium-white premium-wordbreak premium-uppercase\">Fr\u00e5gor eller funderingar?<\/h2>                <span class=\"premium-body-lg premium-font-light premium-white premium-wordbreak premium-uppercase\">Kontakta v\u00e5rt Premium-team<\/span>            <\/div>\n            <div class=\"form-grid mob-grid-cols-1 grid-cols-\">\n                <div class=\"acf-innerblocks-container\"><\/div>\n                                                                                                                        <!-- Render the WPForms form on the frontend -->\n                                <div class=\"wpforms-container wpforms-render-modern\" id=\"wpforms-4160\"><form id=\"wpforms-form-4160\" class=\"wpforms-validate wpforms-form wpforms-ajax-form\" data-formid=\"4160\" method=\"post\" enctype=\"multipart\/form-data\" action=\"\/en\/wp-json\/wp\/v2\/pages\/17634\" data-token=\"99d2bff909e4dd96017d8ca8ddd80384\" data-token-time=\"1775292172\"><noscript class=\"wpforms-error-noscript\">Please enable JavaScript in your browser to complete this form.<\/noscript><div id=\"wpforms-error-noscript\" style=\"display: none;\">Please enable JavaScript in your browser to complete this form.<\/div><div class=\"wpforms-field-container\"><div id=\"wpforms-4160-field_2-container\" class=\"wpforms-field wpforms-field-name\" data-field-id=\"2\"><label class=\"wpforms-field-label\" for=\"wpforms-4160-field_2\">Namn <span class=\"wpforms-required-label\" aria-hidden=\"true\">*<\/span><\/label><input type=\"text\" id=\"wpforms-4160-field_2\" class=\"wpforms-field-medium wpforms-field-required\" name=\"wpforms[fields][2]\" placeholder=\"F\u00f6rnamn och efternamn\" aria-errormessage=\"wpforms-4160-field_2-error\" required><\/div><div id=\"wpforms-4160-field_3-container\" class=\"wpforms-field wpforms-field-email\" data-field-id=\"3\"><label class=\"wpforms-field-label\" for=\"wpforms-4160-field_3\">E-post <span class=\"wpforms-required-label\" aria-hidden=\"true\">*<\/span><\/label><input type=\"email\" id=\"wpforms-4160-field_3\" class=\"wpforms-field-medium wpforms-field-required\" name=\"wpforms[fields][3]\" placeholder=\"Er e-postadress\" spellcheck=\"false\" aria-errormessage=\"wpforms-4160-field_3-error\" autocomplete=\"email\" required><\/div><div id=\"wpforms-4160-field_4-container\" class=\"wpforms-field wpforms-field-phone\" data-field-id=\"4\"><label class=\"wpforms-field-label\" for=\"wpforms-4160-field_4\">Telefon<\/label><input type=\"tel\" id=\"wpforms-4160-field_4\" class=\"wpforms-field-medium wpforms-smart-phone-field\" data-rule-smart-phone-field=\"true\" name=\"wpforms[fields][4]\" placeholder=\"Ert telefonnummer\" aria-label=\"Telefon\" aria-errormessage=\"wpforms-4160-field_4-error\" ><\/div><div id=\"wpforms-4160-field_5-container\" class=\"wpforms-field wpforms-field-text\" data-field-id=\"5\"><label class=\"wpforms-field-label\" for=\"wpforms-4160-field_5\">F\u00f6retag<\/label><input type=\"text\" id=\"wpforms-4160-field_5\" class=\"wpforms-field-medium\" name=\"wpforms[fields][5]\" placeholder=\"F\u00f6retagsnamn\" aria-errormessage=\"wpforms-4160-field_5-error\" ><\/div>\t\t<div id=\"wpforms-4160-field_1-container\"\n\t\t\tclass=\"wpforms-field wpforms-field-text\"\n\t\t\tdata-field-type=\"text\"\n\t\t\tdata-field-id=\"1\"\n\t\t\t>\n\t\t\t<label class=\"wpforms-field-label\" for=\"wpforms-4160-field_1\" > specifik g\u00e4ller<\/label>\n\t\t\t<input type=\"text\" id=\"wpforms-4160-field_1\" class=\"wpforms-field-medium\" name=\"wpforms[fields][1]\" >\n\t\t<\/div>\n\t\t<div id=\"wpforms-4160-field_6-container\" class=\"wpforms-field wpforms-field-textarea\" data-field-id=\"6\"><label class=\"wpforms-field-label\" for=\"wpforms-4160-field_6\">Kommentar <span class=\"wpforms-required-label\" aria-hidden=\"true\">*<\/span><\/label><textarea id=\"wpforms-4160-field_6\" class=\"wpforms-field-medium wpforms-field-required\" name=\"wpforms[fields][6]\" placeholder=\"Valfritt\" aria-errormessage=\"wpforms-4160-field_6-error\" required><\/textarea><\/div><div id=\"wpforms-4160-field_10-container\" class=\"wpforms-field wpforms-field-text\" data-field-id=\"10\"><label class=\"wpforms-field-label\" for=\"wpforms-4160-field_10\">Om fr\u00e5gan g\u00e4ller en specifik arena, vilken g\u00e4ller det? <\/label><input type=\"text\" id=\"wpforms-4160-field_10\" class=\"wpforms-field-medium\" name=\"wpforms[fields][10]\" aria-errormessage=\"wpforms-4160-field_10-error\" ><\/div><div id=\"wpforms-4160-field_11-container\" class=\"wpforms-field wpforms-field-text\" data-field-id=\"11\"><label class=\"wpforms-field-label\" for=\"wpforms-4160-field_11\">Om fr\u00e5gan g\u00e4ller ett specifikt evenemang, vilket evenemang g\u00e4ller det? <\/label><input type=\"text\" id=\"wpforms-4160-field_11\" class=\"wpforms-field-medium\" name=\"wpforms[fields][11]\" aria-errormessage=\"wpforms-4160-field_11-error\" ><\/div><div id=\"wpforms-4160-field_8-container\" class=\"wpforms-field wpforms-field-checkbox\" data-field-id=\"8\"><fieldset><legend class=\"wpforms-field-label wpforms-label-hide\" aria-hidden=\"false\">Godk\u00e4nn personuppgiftshantering <span class=\"wpforms-required-label\" aria-hidden=\"true\">*<\/span><\/legend><ul id=\"wpforms-4160-field_8\" class=\"wpforms-field-required\"><li class=\"choice-1 depth-1\"><input type=\"checkbox\" id=\"wpforms-4160-field_8_1\" name=\"wpforms[fields][8][]\" value=\"Jag godk\u00e4nner Stockholm Live:s hantering av &lt;a href=&quot;https:\/\/stockholmlive.com\/integritetspolicy\/&quot;&gt;personuppgifter&lt;\/a&gt;.\" aria-errormessage=\"wpforms-4160-field_8_1-error\" required ><label class=\"wpforms-field-label-inline\" for=\"wpforms-4160-field_8_1\">Jag godk\u00e4nner Stockholm Live:s hantering av <a href=\"https:\/\/stockholmlive.com\/integritetspolicy\/\">personuppgifter<\/a>.<\/label><\/li><\/ul><\/fieldset><\/div><script>\n\t\t\t\t( function() {\n\t\t\t\t\tconst style = document.createElement( 'style' );\n\t\t\t\t\tstyle.appendChild( document.createTextNode( '#wpforms-4160-field_1-container { position: absolute !important; overflow: hidden !important; display: inline !important; height: 1px !important; width: 1px !important; z-index: -1000 !important; padding: 0 !important; } #wpforms-4160-field_1-container input { visibility: hidden; } #wpforms-conversational-form-page #wpforms-4160-field_1-container label { counter-increment: none; }' ) );\n\t\t\t\t\tdocument.head.appendChild( style );\n\t\t\t\t\tdocument.currentScript?.remove();\n\t\t\t\t} )();\n\t\t\t<\/script><\/div><!-- .wpforms-field-container --><div class=\"wpforms-submit-container\" ><input type=\"hidden\" name=\"wpforms[id]\" value=\"4160\"><input type=\"hidden\" name=\"page_title\" value=\"\"><input type=\"hidden\" name=\"page_url\" value=\"https:\/\/stockholmlive.com\/en\/wp-json\/wp\/v2\/pages\/17634\"><input type=\"hidden\" name=\"url_referer\" value=\"\"><button type=\"submit\" name=\"wpforms[submit]\" id=\"wpforms-submit-4160\" class=\"wpforms-submit btn-primary\" data-alt-text=\"Skickar...\" data-submit-text=\"Skicka\" aria-live=\"assertive\" value=\"wpforms-submit\">Skicka<\/button><img decoding=\"async\" src=\"https:\/\/stockholmlive.com\/app\/plugins\/wpforms\/assets\/images\/submit-spin.svg\" class=\"wpforms-submit-spinner\" style=\"display: none;\" width=\"26\" height=\"26\" alt=\"Loading\"><\/div><\/form><script type=\"text\/plain\" class=\"sl_wpforms_hidden_title\">Kontaktformul\u00e4r: Premium Experience<\/script><\/div>  <!-- .wpforms-container -->                                                                        \n                            <\/div>\n        <\/div>\n    <\/div>\n<\/section>\n","protected":false},"excerpt":{"rendered":"","protected":false},"author":8,"featured_media":0,"parent":123,"menu_order":0,"comment_status":"closed","ping_status":"closed","template":"template-premium.php","meta":{"_acf_changed":false,"_relevanssi_hide_post":"","_relevanssi_pin_for_all":"","_relevanssi_pin_keywords":"","_relevanssi_unpin_keywords":"","_relevanssi_related_keywords":"","_relevanssi_related_include_ids":"","_relevanssi_related_exclude_ids":"","_relevanssi_related_no_append":"","_relevanssi_related_not_related":"","_relevanssi_related_posts":"","footnotes":""},"class_list":["post-17634","page","type-page","status-publish","hentry"],"acf":[],"_links":{"self":[{"href":"https:\/\/stockholmlive.com\/en\/wp-json\/wp\/v2\/pages\/17634","targetHints":{"allow":["GET"]}}],"collection":[{"href":"https:\/\/stockholmlive.com\/en\/wp-json\/wp\/v2\/pages"}],"about":[{"href":"https:\/\/stockholmlive.com\/en\/wp-json\/wp\/v2\/types\/page"}],"author":[{"embeddable":true,"href":"https:\/\/stockholmlive.com\/en\/wp-json\/wp\/v2\/users\/8"}],"replies":[{"embeddable":true,"href":"https:\/\/stockholmlive.com\/en\/wp-json\/wp\/v2\/comments?post=17634"}],"version-history":[{"count":1,"href":"https:\/\/stockholmlive.com\/en\/wp-json\/wp\/v2\/pages\/17634\/revisions"}],"predecessor-version":[{"id":17635,"href":"https:\/\/stockholmlive.com\/en\/wp-json\/wp\/v2\/pages\/17634\/revisions\/17635"}],"up":[{"embeddable":true,"href":"https:\/\/stockholmlive.com\/en\/wp-json\/wp\/v2\/pages\/123"}],"wp:attachment":[{"href":"https:\/\/stockholmlive.com\/en\/wp-json\/wp\/v2\/media?parent=17634"}],"curies":[{"name":"wp","href":"https:\/\/api.w.org\/{rel}","templated":true}]}}