{"id":3770,"date":"2024-04-10T15:25:45","date_gmt":"2024-04-10T13:25:45","guid":{"rendered":"https:\/\/stockholmlive.com\/tavlingsvillkor\/"},"modified":"2025-02-17T10:31:16","modified_gmt":"2025-02-17T09:31:16","slug":"tavlingsvillkor","status":"publish","type":"page","link":"https:\/\/stockholmlive.com\/en\/contests\/tavlingsvillkor\/","title":{"rendered":"T\u00e4vlingsvillkor"},"content":{"rendered":"\n<h2 class=\"wp-block-heading\">T\u00e4vlingsvillkor<\/h2>\n\n\n\n<p><strong>Allm\u00e4nna t\u00e4vlingsvillkor &amp; hantering av personuppgifter<\/strong><\/p>\n\n\n\n<ul class=\"wp-block-list\">\n<li>V\u00e5ra allm\u00e4nna t\u00e4vlingsvillkor beskriver villkoren f\u00f6r v\u00e5ra t\u00e4vlingar och vilken typ av information och uppgifter vi samlar in och hur vi anv\u00e4nder dessa. T\u00e4vlingsvillkoren kan uppdateras vid behov.<\/li>\n<\/ul>\n\n\n\n<ul class=\"wp-block-list\">\n<li>T\u00e4vlingen administreras av Stockholm Live AB enskilt eller i samarbete med partner\/s. Se information i anslutning till t\u00e4vlingen f\u00f6r mer information om ansvarig arrang\u00f6r.<\/li>\n\n\n\n<li>Vi behandlar dina personuppgifter i enlighet med v\u00e5r <a href=\"https:\/\/stockholmlive.com\/integritetspolicy-fullstandig\/\" data-type=\"link\" data-id=\"https:\/\/stockholmlive.com\/integritetspolicy-2-0\/\">Integritetsskyddspolicy.&nbsp;<\/a><\/li>\n\n\n\n<li>Genom att godk\u00e4nna t\u00e4vlingsvillkoren samtycker du till att vi och eventuell t\u00e4vlingspartner behandlar dina personuppgifter f\u00f6r att administrera t\u00e4vlingen, inklusive att sammanst\u00e4lla statistik \u00f6ver svar och deltagande.<\/li>\n\n\n\n<li>Om du vinner t\u00e4vlingen kan vi komma att dela de personuppgifter du l\u00e4mnar till oss med en tredje part, men endast om det \u00e4r n\u00f6dv\u00e4ndigt f\u00f6r att leverera din vinst (t.ex. en leverant\u00f6r eller distribut\u00f6r).<\/li>\n\n\n\n<li>Om du som vinnare l\u00e4mnar dina kontaktuppgifter via en extern plattform (t.ex. Instagram-DM), \u00e4r det viktigt att k\u00e4nna till att den plattformen behandlar dina personuppgifter enligt sina egna villkor och sin egen integritetspolicy. Vi uppmanar dig att ta del av plattformens villkor och policy innan du delar dina uppgifter d\u00e4r.<\/li>\n\n\n\n<li>Eventuell vinstskatt betalas av vinnaren.<\/li>\n\n\n\n<li>Den r\u00e4ttsliga grund som anv\u00e4nds f\u00f6r personuppgiftsbehandling inom ramen f\u00f6r t\u00e4vlingen \u00e4r samtycke. <\/li>\n<\/ul>\n\n\n\n<ul class=\"wp-block-list\">\n<li>Vi kommer endast skicka direktmarknadsf\u00f6ring till dig om du har l\u00e4mnat ditt samtycke till det.<\/li>\n<\/ul>\n\n\n\n<ul class=\"wp-block-list\">\n<li>Anst\u00e4llda hos Stockholm Live och arrang\u00f6rer\/partners som arbetar i direkt anslutning med evenemanget f\u00e5r inte delta i t\u00e4vlingen.<\/li>\n<\/ul>\n\n\n\n<ul class=\"wp-block-list\">\n<li>Deltagande \u00e4r avgiftsfritt, men kan vara exklusivt f\u00f6r personer som har en biljett till n\u00e5got av Stockholm Lives eller arrang\u00f6rer\/partners evenemang. Se specifikationerna f\u00f6r den t\u00e4vling du deltar i f\u00f6r att veta vad som g\u00e4ller.<\/li>\n<\/ul>\n\n\n\n<ul class=\"wp-block-list\">\n<li>I samband med publicering av vinnare kan personuppgifter som f\u00f6r- &nbsp;och efternamn komma att publiceras p\u00e5 Stockholm Lives hemsida, sociala kanaler och\/eller i Stockholm Live-appen.<\/li>\n<\/ul>\n\n\n\n<ul class=\"wp-block-list\"><\/ul>\n\n\n\n<ul class=\"wp-block-list\">\n<li>Vid eventuella fr\u00e5gor eller om du vill dra tillbaka ditt deltagande kontakta v\u00e5r kundtj\u00e4nst via <a href=\"mailto:info@stockholmlive.com\">info@stockholmlive.com<\/a>.<\/li>\n<\/ul>\n\n\n\n<ul class=\"wp-block-list\">\n<li>\u00c4ven om du tidigare samtyckt till att f\u00e5 direktmarknadsf\u00f6ring fr\u00e5n Stockholm Live kan du alltid dra tillbaka detta. Detta g\u00f6r du via avregistreringsl\u00e4nken i v\u00e5ra epostutskick eller under dina kontoinst\u00e4llningar i Stockholm Live-appen.<\/li>\n<\/ul>\n","protected":false},"excerpt":{"rendered":"<p>T\u00e4vlingsvillkor Allm\u00e4nna t\u00e4vlingsvillkor &amp; hantering av personuppgifter<\/p>\n","protected":false},"author":3,"featured_media":0,"parent":3774,"menu_order":0,"comment_status":"closed","ping_status":"closed","template":"","meta":{"_acf_changed":false,"_relevanssi_hide_post":"","_relevanssi_pin_for_all":"","_relevanssi_pin_keywords":"","_relevanssi_unpin_keywords":"","_relevanssi_related_keywords":"","_relevanssi_related_include_ids":"","_relevanssi_related_exclude_ids":"","_relevanssi_related_no_append":"","_relevanssi_related_not_related":"","_relevanssi_related_posts":"","footnotes":""},"class_list":["post-3770","page","type-page","status-publish","hentry"],"acf":[],"_links":{"self":[{"href":"https:\/\/stockholmlive.com\/en\/wp-json\/wp\/v2\/pages\/3770","targetHints":{"allow":["GET"]}}],"collection":[{"href":"https:\/\/stockholmlive.com\/en\/wp-json\/wp\/v2\/pages"}],"about":[{"href":"https:\/\/stockholmlive.com\/en\/wp-json\/wp\/v2\/types\/page"}],"author":[{"embeddable":true,"href":"https:\/\/stockholmlive.com\/en\/wp-json\/wp\/v2\/users\/3"}],"replies":[{"embeddable":true,"href":"https:\/\/stockholmlive.com\/en\/wp-json\/wp\/v2\/comments?post=3770"}],"version-history":[{"count":3,"href":"https:\/\/stockholmlive.com\/en\/wp-json\/wp\/v2\/pages\/3770\/revisions"}],"predecessor-version":[{"id":13431,"href":"https:\/\/stockholmlive.com\/en\/wp-json\/wp\/v2\/pages\/3770\/revisions\/13431"}],"up":[{"embeddable":true,"href":"https:\/\/stockholmlive.com\/en\/wp-json\/wp\/v2\/pages\/3774"}],"wp:attachment":[{"href":"https:\/\/stockholmlive.com\/en\/wp-json\/wp\/v2\/media?parent=3770"}],"curies":[{"name":"wp","href":"https:\/\/api.w.org\/{rel}","templated":true}]}}