{"id":3774,"date":"2024-04-10T15:27:30","date_gmt":"2024-04-10T13:27:30","guid":{"rendered":"https:\/\/stockholmlive.com\/tavlingar\/"},"modified":"2024-05-06T09:32:39","modified_gmt":"2024-05-06T07:32:39","slug":"contests","status":"publish","type":"page","link":"https:\/\/stockholmlive.com\/en\/contests\/","title":{"rendered":"Contests"},"content":{"rendered":"\n<h2 class=\"wp-block-heading\">T\u00e4vlingsinformation<\/h2>\n\n\n\n<p>H\u00e4r l\u00e4ggs all information kring t\u00e4vlingar som sker via oss p\u00e5 Stockholm Live<\/p>\n","protected":false},"excerpt":{"rendered":"<p>T\u00e4vlingsinformation H\u00e4r l\u00e4ggs all information kring t\u00e4vlingar som sker via oss p\u00e5 Stockholm Live<\/p>\n","protected":false},"author":3,"featured_media":0,"parent":0,"menu_order":0,"comment_status":"closed","ping_status":"closed","template":"","meta":{"_acf_changed":false,"_relevanssi_hide_post":"","_relevanssi_pin_for_all":"","_relevanssi_pin_keywords":"","_relevanssi_unpin_keywords":"","_relevanssi_related_keywords":"","_relevanssi_related_include_ids":"","_relevanssi_related_exclude_ids":"","_relevanssi_related_no_append":"","_relevanssi_related_not_related":"","_relevanssi_related_posts":"","footnotes":""},"class_list":["post-3774","page","type-page","status-publish","hentry"],"acf":[],"_links":{"self":[{"href":"https:\/\/stockholmlive.com\/en\/wp-json\/wp\/v2\/pages\/3774","targetHints":{"allow":["GET"]}}],"collection":[{"href":"https:\/\/stockholmlive.com\/en\/wp-json\/wp\/v2\/pages"}],"about":[{"href":"https:\/\/stockholmlive.com\/en\/wp-json\/wp\/v2\/types\/page"}],"author":[{"embeddable":true,"href":"https:\/\/stockholmlive.com\/en\/wp-json\/wp\/v2\/users\/3"}],"replies":[{"embeddable":true,"href":"https:\/\/stockholmlive.com\/en\/wp-json\/wp\/v2\/comments?post=3774"}],"version-history":[{"count":1,"href":"https:\/\/stockholmlive.com\/en\/wp-json\/wp\/v2\/pages\/3774\/revisions"}],"predecessor-version":[{"id":4033,"href":"https:\/\/stockholmlive.com\/en\/wp-json\/wp\/v2\/pages\/3774\/revisions\/4033"}],"wp:attachment":[{"href":"https:\/\/stockholmlive.com\/en\/wp-json\/wp\/v2\/media?parent=3774"}],"curies":[{"name":"wp","href":"https:\/\/api.w.org\/{rel}","templated":true}]}}