{"id":3806,"date":"2024-04-12T12:37:00","date_gmt":"2024-04-12T10:37:00","guid":{"rendered":"https:\/\/stockholmlive.com\/event-tech\/"},"modified":"2026-03-25T09:13:36","modified_gmt":"2026-03-25T08:13:36","slug":"event-tech","status":"publish","type":"page","link":"https:\/\/stockholmlive.com\/en\/event-tech\/","title":{"rendered":"Event tech"},"content":{"rendered":"\n<section id=\"block_8a84f93e57a355a58307f7eace791981\" class=\"text-with-media relative align-full overflow-hidden\" style=\"background-color:var(--wp--preset--color--base);\">\n    <div class=\"container align-default items-start\">\n                    <div class=\"media media-order-2  media-ratio-medium media-expanded-no media-contain-cover\">\n                                    <img loading=\"lazy\" decoding=\"async\" width=\"1024\" height=\"576\" src=\"https:\/\/stockholmlive.com\/uploads\/2024\/04\/faq-kontakt-2000x1125-scaled-1-1024x576.jpg\" class=\"attachment-large size-large\" alt=\"\" srcset=\"https:\/\/stockholmlive.com\/uploads\/2024\/04\/faq-kontakt-2000x1125-scaled-1-1024x576.jpg 1024w, https:\/\/stockholmlive.com\/uploads\/2024\/04\/faq-kontakt-2000x1125-scaled-1-300x169.jpg 300w, https:\/\/stockholmlive.com\/uploads\/2024\/04\/faq-kontakt-2000x1125-scaled-1-768x432.jpg 768w, https:\/\/stockholmlive.com\/uploads\/2024\/04\/faq-kontakt-2000x1125-scaled-1-1536x864.jpg 1536w, https:\/\/stockholmlive.com\/uploads\/2024\/04\/faq-kontakt-2000x1125-scaled-1-2048x1152.jpg 2048w\" sizes=\"auto, (max-width: 1024px) 100vw, 1024px\" \/>                            <\/div>\n                <div class=\"content-body media-order-1 \">\n            <div class=\"acf-innerblocks-container\">\n\n<p><strong>Svenska:<\/strong><br>H\u00e4r hittar du dokumentation och sign-off formul\u00e4r f\u00f6r takarbete och anv\u00e4ndning av mobila arbetsplattformar p\u00e5 Stockholm Lives arenor. <br><br>Vid godk\u00e4nd ans\u00f6kan \u00e4r tillst\u00e5ndet giltigt till och med 31 december 2026.<br><br><strong>English:<\/strong><br>Here you will find documentation and sign-off forms for roof work and mobile elevated work platforms at Stockholm Live&#8217;s arenas.<br><br>When the application is approved, the permit is valid until 31 December 2026.<br><\/p>\n\n\n\n<hr class=\"wp-block-separator has-alpha-channel-opacity\" \/>\n\n\n\n<h3 class=\"wp-block-heading\"><br>Guide f\u00f6r Riggarbete \/ <br>Guidance for Rigging<\/h3>\n\n\n\n<p><strong>Svenska:<\/strong><br>Innan du f\u00e5r tilltr\u00e4de och till\u00e5telse att utf\u00f6ra takarbete i v\u00e5ra arenor m\u00e5ste du l\u00e4sa, f\u00f6rst\u00e5 och godk\u00e4nna &#8220;EAA Guide f\u00f6r Riggarbete&#8221; och &#8220;Arenaspecifika instruktioner&#8221; samt fylla i sign-off formul\u00e4ret.<br><br><a href=\"https:\/\/drive.google.com\/file\/d\/1RXgaust2X-WMIHVR0FWAwD6ybKPHKxpS\/view?usp=share_link\" target=\"_blank\" rel=\"noreferrer noopener\">Steg 1: EAA Guide f\u00f6r Riggarbete<\/a><br><a href=\"https:\/\/drive.google.com\/file\/d\/1zfkMr7htE2b6qxWwtjb2fB2qHMCyR0RF\/view?usp=share_link\" target=\"_blank\" rel=\"noreferrer noopener\">Steg 2: Arenaspecifika instruktioner<\/a><br><a href=\"https:\/\/forms.gle\/rhqLY7yt2BM2vyiE7\" target=\"_blank\" rel=\"noreferrer noopener\">Steg 3: Sign-off<\/a><\/p>\n\n\n\n<p>F\u00f6r <strong>pullers<\/strong> och vid<strong>riggning av fj\u00e4rrstyrd kamerautrustning<\/strong> finns f\u00f6rkortade versioner av <a href=\"https:\/\/drive.google.com\/file\/d\/113jLO36eApE-RfXyXCXmhusk9nEVpxss\/view?usp=share_link\">EAA Guide f\u00f6r Riggarbete (kort)<\/a> och <a href=\"https:\/\/drive.google.com\/file\/d\/1mXeNRcCx7uR7oJTa7zdn6XPMJ53n1dGC\/view?usp=share_link\">Arenaspecifika instruktioner (kort)<\/a>.<\/p>\n\n\n\n<p><strong>English:<\/strong><br>Before you are granted access and permission to perform roof work in our venues, you must read, understand, and accept the &#8220;EAA Rigging Guidelines&#8221; and &#8220;Venue Specific Instructions&#8221;, as well as complete the sign-off form.<br><br><a href=\"https:\/\/drive.google.com\/file\/d\/1SWTMuEyWS8rNTYGU7GtVzkE-l1BkrMlS\/view?usp=share_link\" target=\"_blank\" rel=\"noreferrer noopener\">Step 1: EAA Guidance for Rigging<\/a><br><a href=\"https:\/\/drive.google.com\/file\/d\/14K3JJax63JghMmSKSr2-B9Mcj_XyBdYR\/view?usp=share_link\" target=\"_blank\" rel=\"noreferrer noopener\">Step 2: Venue Specific Instructions<\/a><br><a href=\"https:\/\/forms.gle\/rhqLY7yt2BM2vyiE7\" target=\"_blank\" rel=\"noreferrer noopener\">Step 3: Sign-off<\/a><\/p>\n\n\n\n<p>For <strong>pullers<\/strong> and rigging of <strong>remote controlled camera equipment<\/strong> there are shortened versions of the <a href=\"https:\/\/drive.google.com\/file\/d\/1BqL4GVYy8pZKsxb7PpvieqvCRq_cUfc5\/view?usp=share_link\" data-type=\"link\" data-id=\"https:\/\/drive.google.com\/file\/d\/1IBUhYahMqU5RilY36eeF-uXLBBGnOqiY\/view?usp=share_link\">EAA Guidance for Rigging (short)<\/a> and <a href=\"https:\/\/drive.google.com\/file\/d\/1xJ7wtxvK_ZyMeqt5HcUEDtPW9P5D4DK1\/view?usp=share_link\" data-type=\"link\" data-id=\"https:\/\/drive.google.com\/file\/d\/1tptz1fqDLu_dAtdG-IQ4aL0tNKDUcj9q\/view?usp=share_link\">Venue Specific Instructions (short)<\/a>.<br><\/p>\n\n\n\n<hr class=\"wp-block-separator has-alpha-channel-opacity\" \/>\n\n\n\n<h3 class=\"wp-block-heading\"><br>Mobil Arbetsplattform \/<br>Mobile elevated work plattform<\/h3>\n\n\n\n<p><strong>Svenska:<\/strong><br>F\u00f6r att f\u00e5 tillst\u00e5nd att f\u00e5 framf\u00f6ra mobil arbetsplattform p\u00e5 v\u00e5ra arenor m\u00e5ste du l\u00e4sa, f\u00f6rst\u00e5 och godk\u00e4nna &#8220;Rutiner f\u00f6r mobil arbetsplattform&#8221; samt fylla i sign-off formul\u00e4ret.<br><br><a href=\"https:\/\/drive.google.com\/file\/d\/1GYLDJ0_N4QcmQ2_wpxwuGM-s2JdDiQxZ\/view?usp=share_link\" target=\"_blank\" rel=\"noreferrer noopener\">Steg 1: Rutiner f\u00f6r mobil arbetsplattform<\/a><br><a href=\"https:\/\/forms.gle\/NkduVkhPiszWGdrj6\" target=\"_blank\" rel=\"noreferrer noopener\">Steg 2: Sign-off<\/a><br>Steg 3: <strong>Visa upp ditt utbildningsbevis f\u00f6r en Stockholm Live Technical Supervisor<\/strong> eller maila en kopia till <a href=\"mailto:eventtech@stockholmlive.com\">eventtech@stockholmlive.com<\/a><br><strong><br>English:<\/strong><br>To be granted permission to operate mobile work platforms in our venues, you must read, understand, and approve &#8220;Procedures for Mobile Working Platforms&#8221; as well as complete the sign-off form.<br><br><a href=\"https:\/\/drive.google.com\/file\/d\/1q9Z6T9_ZBFI1hwNf7XmhKY-MrpcxK3Kh\/view?usp=share_link\" target=\"_blank\" rel=\"noreferrer noopener\">Step 1: Procedures for Mobile Working Platforms<\/a><br><a href=\"https:\/\/forms.gle\/NkduVkhPiszWGdrj6\" target=\"_blank\" rel=\"noreferrer noopener\">Step 2: Sign-off<\/a><br>Steg 3: <strong>Show your training certificate to a Stockholm Live Technical Supervisor<\/strong> or email a copy to <a href=\"mailto:eventtech@stockholmlive.com\">eventtech@stockholmlive.com<\/a><br><\/p>\n\n\n\n<hr class=\"wp-block-separator has-alpha-channel-opacity\" \/>\n\n\n\n<h3 class=\"wp-block-heading\"><br>Trucktillst\u00e5nd \/ <br>Truck permit<\/h3>\n\n\n\n<p><strong>Svenska:<\/strong><br>F\u00f6r att f\u00e5 tillst\u00e5nd att f\u00e5 framf\u00f6ra truck p\u00e5 v\u00e5ra arenor m\u00e5ste du l\u00e4sa, f\u00f6rst\u00e5 och godk\u00e4nna &#8220;Instruktioner f\u00f6r Truck&#8221; samt fylla i sign-off formul\u00e4ret.<br><br><a href=\"https:\/\/drive.google.com\/file\/d\/1OsfElgs3-JmYulwTTkWkZxVIm1Ofk7UD\/view?usp=sharing\" target=\"_blank\" rel=\"noreferrer noopener\">Steg 1: Instruktioner f\u00f6r truck<\/a><br><a href=\"https:\/\/docs.google.com\/forms\/d\/e\/1FAIpQLSfvyrDCVf0TQvK-XTp3RCl3ZtzfBZ38XbieoSSDOGR6dphx6A\/viewform?usp=sharing&amp;ouid=115469089966330807366\" target=\"_blank\" rel=\"noreferrer noopener\">Steg 2: Sign-off<\/a><\/p>\n\n\n\n<p><strong>English:<\/strong><br>To be granted permission to operate fork lifts in our venues, you must read, understand and accept &#8220;Instructions for Fork Lifts&#8221;. <br><br><a href=\"https:\/\/drive.google.com\/file\/d\/1k1d-WMoXo9nqaWm5TLLf6tndWLI1xc2P\/view?usp=share_link\" target=\"_blank\" rel=\"noreferrer noopener\">Step 1: Instructions for Fork Lifts<\/a><br><a href=\"https:\/\/docs.google.com\/forms\/d\/e\/1FAIpQLSfvyrDCVf0TQvK-XTp3RCl3ZtzfBZ38XbieoSSDOGR6dphx6A\/viewform?usp=sharing&amp;ouid=115469089966330807366\" target=\"_blank\" rel=\"noreferrer noopener\">Steg 2: Sign-off<\/a><br><\/p>\n\n\n\n<hr class=\"wp-block-separator has-alpha-channel-opacity\" \/>\n\n\n\n<h3 class=\"wp-block-heading\"><br>SGAF\/ABS Entrepen\u00f6rer<\/h3>\n\n\n\n<p>SGAF- och ABS- personal och dess entrepren\u00f6rer fyller i samma dokumentation som \u00f6vrig personal (Guide f\u00f6r riggarbete \/ Mobil Arbetsplattform \/ Trucktillst\u00e5nd) ovan.<\/p>\n\n<\/div>\n        <\/div>\n    <\/div>\n<\/section>\n\n\n\n<p><\/p>\n","protected":false},"excerpt":{"rendered":"","protected":false},"author":10,"featured_media":0,"parent":0,"menu_order":0,"comment_status":"closed","ping_status":"closed","template":"","meta":{"_acf_changed":false,"_relevanssi_hide_post":"","_relevanssi_pin_for_all":"","_relevanssi_pin_keywords":"","_relevanssi_unpin_keywords":"","_relevanssi_related_keywords":"","_relevanssi_related_include_ids":"","_relevanssi_related_exclude_ids":"","_relevanssi_related_no_append":"","_relevanssi_related_not_related":"","_relevanssi_related_posts":"","footnotes":""},"class_list":["post-3806","page","type-page","status-publish","hentry"],"acf":[],"_links":{"self":[{"href":"https:\/\/stockholmlive.com\/en\/wp-json\/wp\/v2\/pages\/3806","targetHints":{"allow":["GET"]}}],"collection":[{"href":"https:\/\/stockholmlive.com\/en\/wp-json\/wp\/v2\/pages"}],"about":[{"href":"https:\/\/stockholmlive.com\/en\/wp-json\/wp\/v2\/types\/page"}],"author":[{"embeddable":true,"href":"https:\/\/stockholmlive.com\/en\/wp-json\/wp\/v2\/users\/10"}],"replies":[{"embeddable":true,"href":"https:\/\/stockholmlive.com\/en\/wp-json\/wp\/v2\/comments?post=3806"}],"version-history":[{"count":26,"href":"https:\/\/stockholmlive.com\/en\/wp-json\/wp\/v2\/pages\/3806\/revisions"}],"predecessor-version":[{"id":17002,"href":"https:\/\/stockholmlive.com\/en\/wp-json\/wp\/v2\/pages\/3806\/revisions\/17002"}],"wp:attachment":[{"href":"https:\/\/stockholmlive.com\/en\/wp-json\/wp\/v2\/media?parent=3806"}],"curies":[{"name":"wp","href":"https:\/\/api.w.org\/{rel}","templated":true}]}}