{"id":3809,"date":"2024-04-12T12:56:53","date_gmt":"2024-04-12T10:56:53","guid":{"rendered":"https:\/\/stockholmlive.com\/cookie-policy\/"},"modified":"2024-05-15T17:11:19","modified_gmt":"2024-05-15T15:11:19","slug":"cookie-policy","status":"publish","type":"page","link":"https:\/\/stockholmlive.com\/en\/cookie-policy\/","title":{"rendered":"Cookie policy"},"content":{"rendered":"\n<section id=\"block_f98e9e8c7f97bbf373d1134ed1eff8cd\" class=\"container relative align-full\" style=\"background-color:var(--wp--preset--color--base);\">\n    <div class=\"container align-default\">\n        <div class=\"entry-content\">\n            <div class=\"acf-innerblocks-container\">\n\n<p><\/p>\n\n\n\n<h3 class=\"wp-block-heading\">1. Vad \u00e4r en cookie?<\/h3>\n\n\n\n<p><\/p>\n\n\n\n<p>En cookie \u00e4r en liten textfil som webbplatsen sparar p\u00e5 bes\u00f6karens dator. Cookies g\u00f6r det m\u00f6jligt att anpassa informationen p\u00e5 webbplatsen till bes\u00f6karen. Enligt lagen om elektronisk kommunikation ska alla som bes\u00f6ker en webbplats med cookies f\u00e5 information om att webbplatsen inneh\u00e5ller cookies och vad de anv\u00e4nds till.<\/p>\n\n\n\n<p>Cookies anv\u00e4nds f\u00f6r att f\u00f6rb\u00e4ttra anv\u00e4ndarupplevelsen och g\u00f6ra den s\u00e5 intressant som m\u00f6jligt f\u00f6r varje bes\u00f6kare samt f\u00f6r att m\u00f6jligg\u00f6ra olika funktioner. Exempelvis kan cookies anv\u00e4ndas f\u00f6r att anv\u00e4ndaren ska kvarst\u00e5 som inloggad vid varje sidbl\u00e4ddring, f\u00f6r att h\u00e5lla reda vilka varor som anv\u00e4ndaren har lagt i varukorgen, f\u00f6lja upp trafiken p\u00e5 webbplatsen f\u00f6r att l\u00e4ra sig mer om m\u00e5lgruppen eller f\u00f6r att anpassa annonseringen som anv\u00e4ndaren f\u00e5r del av.<\/p>\n\n\n\n<h3 class=\"wp-block-heading\">2. S\u00e5 h\u00e4r anv\u00e4nder Stockholm Live cookies<\/h3>\n\n\n\n<p>Stockholm Live anv\u00e4nder cookies f\u00f6r att f\u00f6rb\u00e4ttra anv\u00e4ndning av webbplatsen f\u00f6r dig som anv\u00e4ndare. Vidare anv\u00e4nds cookies till att registrera information om de val du g\u00f6r n\u00e4r du \u00e4r inne p\u00e5 webbplatsen och d\u00e4rmed anpassa de annonser som du f\u00e5r del av samt undvika att du ser samma annonser flera g\u00e5nger.<\/p>\n\n\n\n<p><\/p>\n\n\n\n<p>I v\u00e5r integritetspolicy hittar du information om hur Stockholm Live hanterar och skyddar dina personuppgifter samt hur du som anv\u00e4ndare och kund kan beg\u00e4ra utdrag av registrerade uppgifter samt \u00e4ndra eller radera registrerade uppgifter.<\/p>\n\n\n\n<p>Ingen av v\u00e5ra cookies sparar information s\u00e5som namn och personuppgifter.<\/p>\n\n\n\n<h3 class=\"wp-block-heading\">3. Cookies och deras funktioner<\/h3>\n\n\n\n<p>Olika typer av cookies anv\u00e4nds i olika syften. Cookies delas upp i varaktighet och vem som har skapat dem. Nedan hittar du en lista \u00f6ver de vanligaste typerna av cookies som f\u00f6rekommer p\u00e5 Stockholm Live webbplats och vad de anv\u00e4nds till.<\/p>\n\n\n\n<p><strong>Sessionscookies<br><\/strong>En sessionscookie sparas tillf\u00e4lligt i datorns minne medan du surfar p\u00e5 en webbplats, till exempel f\u00f6r att h\u00e5lla reda p\u00e5 vilket spr\u00e5k du har valt. Sessionscookies sparas inte p\u00e5 din dator n\u00e5gon l\u00e4ngre tid utan f\u00f6rsvinner s\u00e5 fort du st\u00e4nger webbl\u00e4saren.<\/p>\n\n\n\n<p><strong>Best\u00e4ndiga cookies<br><\/strong>En best\u00e4ndig cookie sparas som en fil p\u00e5 datorn under en l\u00e4ngre tid. Den h\u00e4r typen av cookie har alltid ett slutdatum. Best\u00e4ndiga cookies hj\u00e4lper webbplatser att minnas dina uppgifter och dina inst\u00e4llningar n\u00e4sta g\u00e5ng du bes\u00f6ker dem. Det g\u00e5r snabbare och enklare att komma in p\u00e5 webbsidorna eftersom du exempelvis inte beh\u00f6ver logga in igen.<\/p>\n\n\n\n<p>N\u00e4r slutdatumet har passerat raderas cookien automatiskt n\u00e4sta g\u00e5ng du g\u00e5r in p\u00e5 webbplatsen som skapade den.<\/p>\n\n\n\n<p><strong>F\u00f6rstapartscookies<br><\/strong>Den h\u00e4r typen av cookie skapas av webbplatsen sj\u00e4lv (samma dom\u00e4n som i webbl\u00e4sarens adressf\u00e4lt) och kan bara l\u00e4sas av den aktuella webbplatsen. Dessa cookies brukar anv\u00e4ndas f\u00f6r att spara information om exempelvis dina val f\u00f6r att kunna anv\u00e4nda inst\u00e4llningarna igen n\u00e4sta g\u00e5ng du bes\u00f6ker webbplatsen. Fr\u00e5n och med den 24 oktober, 2018 ing\u00e5r \u00e4ven Facebook Cookies under F\u00f6rstapartscookies.<\/p>\n\n\n\n<p><strong>Tredjepartscookies<br><\/strong>Den h\u00e4r typen av cookie skapas av andra dom\u00e4ner \u00e4n de som visas i webbl\u00e4sarens adressf\u00e4lt, det vill s\u00e4ga en annan organisation \u00e4n webbplatsinnehavaren.<\/p>\n\n\n\n<p>Cookies som till exempel anv\u00e4nds f\u00f6r att samla in information till annonser och anpassat inneh\u00e5ll och till webbstatistik kan vara tredjepartscookies.<\/p>\n\n\n\n<h3 class=\"wp-block-heading\">4. Begr\u00e4nsa eller blockera cookies<\/h3>\n\n\n\n<p>Om du vill begr\u00e4nsa eller blockera vissa cookies g\u00f6r du det i webbl\u00e4sarens inst\u00e4llningar.<\/p>\n\n\n\n<p>Om du inte vill att webbplatser ska spara cookies p\u00e5 din dator \u00f6verhuvudtaget kan du anpassa webbl\u00e4sarinst\u00e4llningarna s\u00e5 att du f\u00e5r ett meddelande innan en cookie sparas. P\u00e5 samma s\u00e4tt kan du anpassa inst\u00e4llningarna s\u00e5 att webbl\u00e4saren nekar alla cookies eller bara tredjepartscookies. Du kan ocks\u00e5 ta bort cookies som redan finns p\u00e5 datorn. Observera att du m\u00e5ste \u00e4ndra inst\u00e4llningarna i varje webbl\u00e4sare och dator du anv\u00e4nder.<\/p>\n\n\n\n<p>T\u00e4nk bara p\u00e5 att om du inte vill till\u00e5ta cookies alls s\u00e5 kan vi inte l\u00e4ngre garantera att v\u00e5r webbplats fungerar fullt ut. Vissa funktioner p\u00e5 webbplatsen f\u00f6rsvinner och du kan inte l\u00e4ngre se alla webbsidor. Dessutom slipper du inte alla annonser genom att neka alla cookies. Det som sker \u00e4r bara att annonserna inte l\u00e4ngre anpassas efter dina intressen och kommer att upprepas oftare.<\/p>\n\n\n\n<p>Varje webbl\u00e4sare har olika metoder f\u00f6r att anpassa inst\u00e4llningarna. I webbl\u00e4sarens hj\u00e4lp kan du hitta mer information om hur du g\u00f6r r\u00e4tt inst\u00e4llningar.<\/p>\n\n\n\n<p>Om du vill inaktivera cookies i din mobiltelefon hittar du mer information i enhetens anv\u00e4ndarhandbok.<\/p>\n\n\n\n<h3 class=\"wp-block-heading\">5. \u00c4ndringar i v\u00e5r cookie-policy<\/h3>\n\n\n\n<p>Vi kan beh\u00f6va g\u00f6ra \u00e4ndringar i denna policy d\u00e5 och d\u00e5, vilket kan bero p\u00e5 att v\u00e5r webbplats eller best\u00e4mmelserna f\u00f6r cookies har \u00e4ndrats. Vi har r\u00e4tt att n\u00e4r som helst och utan f\u00f6reg\u00e5ende meddelande \u00e4ndra inneh\u00e5llet i policyn. P\u00e5 den h\u00e4r webbsidan hittar du alltid den senaste versionen.<\/p>\n\n\n\n<h3 class=\"wp-block-heading\">6. Kontakt<\/h3>\n\n\n\n<p>Om du har n\u00e5gra fr\u00e5gor eller kommentarer kan du kontakta oss p\u00e5 <a href=\"mailto:dataskydd@stockholmlive.com\">dataskydd@stockholmlive.com<\/a>.<\/p>\n\n\n\n<p>Ytterligare information om cookies, \u00e4ven kallade kakor, hittar du p\u00e5 Post-och telestyrelsens webbplats.<\/p>\n\n<\/div>\n        <\/div>\n    <\/div>\n<\/section>\n","protected":false},"excerpt":{"rendered":"","protected":false},"author":10,"featured_media":0,"parent":0,"menu_order":0,"comment_status":"closed","ping_status":"closed","template":"","meta":{"_acf_changed":false,"_relevanssi_hide_post":"","_relevanssi_pin_for_all":"","_relevanssi_pin_keywords":"","_relevanssi_unpin_keywords":"","_relevanssi_related_keywords":"","_relevanssi_related_include_ids":"","_relevanssi_related_exclude_ids":"","_relevanssi_related_no_append":"","_relevanssi_related_not_related":"","_relevanssi_related_posts":"","footnotes":""},"class_list":["post-3809","page","type-page","status-publish","hentry"],"acf":[],"_links":{"self":[{"href":"https:\/\/stockholmlive.com\/en\/wp-json\/wp\/v2\/pages\/3809","targetHints":{"allow":["GET"]}}],"collection":[{"href":"https:\/\/stockholmlive.com\/en\/wp-json\/wp\/v2\/pages"}],"about":[{"href":"https:\/\/stockholmlive.com\/en\/wp-json\/wp\/v2\/types\/page"}],"author":[{"embeddable":true,"href":"https:\/\/stockholmlive.com\/en\/wp-json\/wp\/v2\/users\/10"}],"replies":[{"embeddable":true,"href":"https:\/\/stockholmlive.com\/en\/wp-json\/wp\/v2\/comments?post=3809"}],"version-history":[{"count":5,"href":"https:\/\/stockholmlive.com\/en\/wp-json\/wp\/v2\/pages\/3809\/revisions"}],"predecessor-version":[{"id":6406,"href":"https:\/\/stockholmlive.com\/en\/wp-json\/wp\/v2\/pages\/3809\/revisions\/6406"}],"wp:attachment":[{"href":"https:\/\/stockholmlive.com\/en\/wp-json\/wp\/v2\/media?parent=3809"}],"curies":[{"name":"wp","href":"https:\/\/api.w.org\/{rel}","templated":true}]}}